{"id":322,"date":"2018-06-27T14:37:29","date_gmt":"2018-06-27T14:37:29","guid":{"rendered":"https:\/\/www.timtrade.it\/home\/"},"modified":"2019-01-18T09:07:57","modified_gmt":"2019-01-18T09:07:57","slug":"home","status":"publish","type":"page","link":"https:\/\/www.timtrade.it\/de\/","title":{"rendered":"Walderzeugnisse"},"content":{"rendered":"<div class=\"wpb-content-wrapper\"><p>[vc_row full_width=&#8220;stretch_row&#8220; full_height=&#8220;yes&#8220; content_placement=&#8220;middle&#8220; css=&#8220;.vc_custom_1530022040965{background-image: url(https:\/\/www.timtrade.it\/wp-content\/uploads\/2018\/06\/slide3-home-timtrade-bef.jpg?id=273) !important;background-position: center !important;background-repeat: no-repeat !important;background-size: cover !important;}&#8220;][vc_column][vc_empty_space][vc_column_text css_animation=&#8220;fadeInUp&#8220;]<\/p>\n<h1 class=\"titolo-home\" style=\"text-align: center;\">Walderzeugnisse<\/h1>\n<h2 class=\"sottotitolo-home\" style=\"text-align: center;\">von den besten Herstellern<br \/>\nzu den besten Kunden<\/h2>\n<p>[\/vc_column_text][vc_empty_space height=&#8220;16px&#8220;][vc_column_text css_animation=&#8220;fadeInDown&#8220;]<\/p>\n<p style=\"text-align: center;\"><a href=\"#more\"><button>Entdecken Sie mehr<\/button><\/a><\/p>\n<p>[\/vc_column_text][vc_icon icon_fontawesome=&#8220;fa fa-angle-double-down&#8220; color=&#8220;custom&#8220; size=&#8220;xl&#8220; align=&#8220;center&#8220; css_animation=&#8220;fadeInUp&#8220; custom_color=&#8220;#ffdd00&#8243; link=&#8220;url:%23map|||&#8220;][\/vc_column][\/vc_row][vc_row full_width=&#8220;stretch_row&#8220; el_class=&#8220;sfondo-alt&#8220;][vc_column][vc_row_inner][vc_column_inner width=&#8220;1\/3&#8243;][vc_empty_space][vc_icon icon_fontawesome=&#8220;fa fa-phone&#8220; color=&#8220;custom&#8220; background_style=&#8220;rounded&#8220; background_color=&#8220;custom&#8220; size=&#8220;lg&#8220; align=&#8220;center&#8220; custom_color=&#8220;#000000&#8243; custom_background_color=&#8220;#ffdd00&#8243;][vc_column_text]<\/p>\n<h3 style=\"text-align: center;\">Effizienz<\/h3>\n<p style=\"text-align: justify;\">Wir sind in der Lage unseren Kunden t\u00e4glich in Realzeit, mit <strong>Antworten \u00fcber die Situation ihrer Auftr\u00e4ge<\/strong>, egal ob es sich um Ware aus Europa, aus den USA oder aus Afrika handelt, zu folgen.<\/p>\n<p>[\/vc_column_text][\/vc_column_inner][vc_column_inner width=&#8220;1\/3&#8243;][vc_empty_space][vc_icon icon_fontawesome=&#8220;fa fa-ship&#8220; color=&#8220;custom&#8220; background_style=&#8220;rounded&#8220; background_color=&#8220;custom&#8220; size=&#8220;lg&#8220; align=&#8220;center&#8220; custom_color=&#8220;#000000&#8243; custom_background_color=&#8220;#ffdd00&#8243;][vc_column_text]<\/p>\n<h3 style=\"text-align: center;\">Flexibilit\u00e4t<\/h3>\n<p style=\"text-align: justify;\">Hinsichtlich der Logistik k\u00f6nnen wir, Dank der Unterst\u00fctzung der erstklassischen Reedereien, auf <strong>Ma\u00df geschnittene Lieferl\u00f6sungen<\/strong> f\u00fcr die weltweiten L\u00e4nder schaffen, auch durch kombinierte Transporte \u00fcber See mit  Fortsetzungen per Bahn und LKW bis zum Lager unserer Kunden.<\/p>\n<p>[\/vc_column_text][\/vc_column_inner][vc_column_inner width=&#8220;1\/3&#8243;][vc_empty_space][vc_icon icon_fontawesome=&#8220;fa fa-line-chart&#8220; color=&#8220;custom&#8220; background_style=&#8220;rounded&#8220; background_color=&#8220;custom&#8220; size=&#8220;lg&#8220; align=&#8220;center&#8220; custom_color=&#8220;#000000&#8243; custom_background_color=&#8220;#ffdd00&#8243;][vc_column_text]<\/p>\n<h3 style=\"text-align: center;\">Professionalit\u00e4t<\/h3>\n<p style=\"text-align: justify;\">Dank einer <strong>jahrelangen Erfahrung und Spezialisierung<\/strong> k\u00f6nnen wir mit einem sehr vorbereiteten Team rechnen, das in der Lage ist unsere Kunden \u00fcber die besten Produkte und Lieferl\u00f6sungen zu beraten.<\/p>\n<p>[\/vc_column_text][\/vc_column_inner][\/vc_row_inner][vc_empty_space][\/vc_column][\/vc_row][vc_row full_width=&#8220;stretch_row&#8220; css=&#8220;.vc_custom_1528359308359{background-color: #ffdd00 !important;}&#8220; el_id=&#8220;map&#8220;][vc_column width=&#8220;1\/3&#8243;][vc_column_text css_animation=&#8220;fadeInRight&#8220; el_class=&#8220;contatori-home&#8220;]<\/p>\n<h1 style=\"text-align: center;\">1<\/h1>\n<p style=\"text-align: center;\">Team<\/p>\n<p>[\/vc_column_text][\/vc_column][vc_column width=&#8220;1\/3&#8243;][vc_column_text css_animation=&#8220;fadeInRight&#8220; el_class=&#8220;contatori-home&#8220;]<\/p>\n<h1 style=\"text-align: center;\">47<\/h1>\n<p style=\"text-align: center;\">Weltweite Produktionen <\/p>\n<p>[\/vc_column_text][\/vc_column][vc_column width=&#8220;1\/3&#8243;][vc_column_text css_animation=&#8220;fadeInRight&#8220; el_class=&#8220;contatori-home&#8220;]<\/p>\n<h1 style=\"text-align: center;\">295<\/h1>\n<p style=\"text-align: center;\">Kunden in 42 L\u00e4ndern<\/p>\n<p>[\/vc_column_text][\/vc_column][\/vc_row][vc_row full_width=&#8220;stretch_row&#8220;][vc_column][vc_empty_space][vc_column_text css_animation=&#8220;fadeInUp&#8220;]<div id=\"unique_iwm_0\"><div class='iwm_map_canvas'><div id='map_canvas_1' data-map-id='1'  class='i_world_map ' class='iwm_map_canvas'><div class='iwm_placeholder'><img width='32px' alt='Mondo Home Placeholder' title='Mondo Home' src='https:\/\/www.timtrade.it\/wp-content\/plugins\/interactive-world-maps\/imgs\/placeholder.png'><br>Mondo Home<\/div><\/div><\/div><\/div>[\/vc_column_text][vc_empty_space][\/vc_column][\/vc_row][vc_row full_width=&#8220;stretch_row&#8220; equal_height=&#8220;yes&#8220; content_placement=&#8220;middle&#8220; el_id=&#8220;more&#8220; el_class=&#8220;sfondo-alt&#8220;][vc_column][vc_empty_space height=&#8220;48px&#8220;][vc_row_inner equal_height=&#8220;yes&#8220; content_placement=&#8220;middle&#8220;][vc_column_inner width=&#8220;1\/2&#8243;][vc_column_text]<\/p>\n<h2 class=\"pedice\">Von den besten Herstellern&#8230;<\/h2>\n<p>Dank der Professionalit\u00e4t unseres Teams sind wir in der Lage die besten Waldprodukte  aus den USA, aus Afrika und aus \u00d6sterreich und Rum\u00e4nien von den W\u00e4ldern bis zu unseren Kunden zu folgen,  f\u00fcr eine seit Jahren ausgew\u00e4hlte Kundschaft in 42 weltweiten L\u00e4ndern.<\/p>\n<p>Die F\u00e4higkeiten, die Ernsthaftigkeit, die Entschlossenheit und die durch unser Team t\u00e4glich durchgef\u00fchrte Arbeit macht aus Timtrade den Gesch\u00e4ftspartner, der \u00fcber ein auf 4 Kontinenten gut organisiertes Network eine Marktkenntnis und einen direkten Dialog, angefangen von der Produktion bis zum Kunden erm\u00f6glicht und somit die Anforderungen gut interpretieren und der st\u00e4ndigen Evolution der Markttendenzen zuvorkommen kann.[\/vc_column_text][vc_column_text]<\/p>\n<p style=\"text-align: center;\"><a href=\"https:\/\/www.timtrade.it\/de\/produkte\/\"><button>Produkte <i class=\"fa fa-angle-double-right \" ><\/i><\/button><\/a><\/p>\n<p>[\/vc_column_text][\/vc_column_inner][vc_column_inner width=&#8220;1\/2&#8243;][vc_images_carousel images=&#8220;731,736,741&#8243; img_size=&#8220;full&#8220; speed=&#8220;2000&#8243; autoplay=&#8220;yes&#8220; hide_pagination_control=&#8220;yes&#8220; wrap=&#8220;yes&#8220; el_class=&#8220;ombra-immagine-dx&#8220;][\/vc_column_inner][\/vc_row_inner][vc_empty_space height=&#8220;48px&#8220;][\/vc_column][\/vc_row][vc_row full_width=&#8220;stretch_row&#8220; equal_height=&#8220;yes&#8220; content_placement=&#8220;middle&#8220;][vc_column][vc_empty_space height=&#8220;48px&#8220;][vc_row_inner equal_height=&#8220;yes&#8220; content_placement=&#8220;middle&#8220;][vc_column_inner width=&#8220;1\/2&#8243;][vc_single_image image=&#8220;746&#8243; img_size=&#8220;full&#8220; alignment=&#8220;center&#8220; el_class=&#8220;ombra-immagine-sx&#8220;][\/vc_column_inner][vc_column_inner width=&#8220;1\/2&#8243;][vc_column_text]<\/p>\n<h2 class=\"pedice\">&#8230;zu den besten Kunden<\/h2>\n<p>Durch unsere Spezialisierung auf dem Logistikbereich (wir arbeiten direkt mit den wichtigsten Reedereinen Maersk \/ CMA CGM \/ MSC, usw. zusammen) sind wir in der Lage uns konkurrenzf\u00e4hig  den wichtigsten Herstellern f\u00fcr die  in den Regionen, in denen wir t\u00e4tig sind, besten ausgew\u00e4hlten Kunden zu n\u00e4hern.<\/p>\n<p>Wir sind von den lateinamerikanischen L\u00e4ndern bis S\u00fcdostasien, \u00fcber den Nahen Osten mit unserem Personal zugegen, das jeden Kunden in seiner Sprache betreuen kann und insbesondere in der Lage ist, ihre Erfordernisse, wirtschaftliche Gebr\u00e4uche und Kultur gut zu verstehen.[\/vc_column_text][\/vc_column_inner][\/vc_row_inner][vc_empty_space height=&#8220;64px&#8220;][\/vc_column][\/vc_row][vc_row full_width=&#8220;stretch_row&#8220; css=&#8220;.vc_custom_1528374392087{background-image: url(https:\/\/www.timtrade.it\/wp-content\/uploads\/2018\/06\/immagine-test-op50black.jpg?id=84) !important;}&#8220;][vc_column][vc_row_inner][vc_column_inner width=&#8220;3\/4&#8243;][vc_column_text]<\/p>\n<h2 class=\"banner\">W\u00fcnschen Sie weitere Informationen?<\/h2>\n<p>[\/vc_column_text][\/vc_column_inner][vc_column_inner width=&#8220;1\/4&#8243;][vc_column_text]<\/p>\n<p style=\"text-align: center;\"><a href=\"https:\/\/www.timtrade.it\/de\/kontakte\/\"><button>Nehmen Sie Kontakt mit uns auf <i class=\"fa fa-angle-double-right \" ><\/i><\/button><\/a><\/p>\n<p>[\/vc_column_text][\/vc_column_inner][\/vc_row_inner][\/vc_column][\/vc_row]<\/p>\n<\/div>","protected":false},"excerpt":{"rendered":"<p>[vc_row full_width=&#8220;stretch_row&#8220; full_height=&#8220;yes&#8220; content_placement=&#8220;middle&#8220; css=&#8220;.vc_custom_1530022040965{background-image: url(https:\/\/www.timtrade.it\/wp-content\/uploads\/2018\/06\/slide3-home-timtrade-bef.jpg?id=273) !important;background-position: center !important;background-repeat: no-repeat !important;background-size: cover !important;}&#8220;][vc_column][vc_empty_space][vc_column_text css_animation=&#8220;fadeInUp&#8220;] Walderzeugnisse von den besten Herstellern zu den besten Kunden [\/vc_column_text][vc_empty_space height=&#8220;16px&#8220;][vc_column_text css_animation=&#8220;fadeInDown&#8220;] Entdecken Sie mehr [\/vc_column_text][vc_icon icon_fontawesome=&#8220;fa fa-angle-double-down&#8220; color=&#8220;custom&#8220; size=&#8220;xl&#8220; align=&#8220;center&#8220; css_animation=&#8220;fadeInUp&#8220; custom_color=&#8220;#ffdd00&#8243; link=&#8220;url:%23map|||&#8220;][\/vc_column][\/vc_row][vc_row full_width=&#8220;stretch_row&#8220; el_class=&#8220;sfondo-alt&#8220;][vc_column][vc_row_inner][vc_column_inner width=&#8220;1\/3&#8243;][vc_empty_space][vc_icon icon_fontawesome=&#8220;fa fa-phone&#8220; color=&#8220;custom&#8220; background_style=&#8220;rounded&#8220; background_color=&#8220;custom&#8220; size=&#8220;lg&#8220; align=&#8220;center&#8220; custom_color=&#8220;#000000&#8243; custom_background_color=&#8220;#ffdd00&#8243;][vc_column_text] Effizienz Wir sind in der [&hellip;]<\/p>\n","protected":false},"author":1,"featured_media":0,"parent":0,"menu_order":0,"comment_status":"closed","ping_status":"open","template":"","meta":{"site-sidebar-layout":"no-sidebar","site-content-layout":"plain-container","ast-site-content-layout":"default","site-content-style":"default","site-sidebar-style":"default","ast-global-header-display":"","ast-banner-title-visibility":"","ast-main-header-display":"","ast-hfb-above-header-display":"","ast-hfb-below-header-display":"","ast-hfb-mobile-header-display":"","site-post-title":"disabled","ast-breadcrumbs-content":"","ast-featured-img":"disabled","footer-sml-layout":"","ast-disable-related-posts":"","theme-transparent-header-meta":"default","adv-header-id-meta":"","stick-header-meta":"","header-above-stick-meta":"","header-main-stick-meta":"","header-below-stick-meta":"","astra-migrate-meta-layouts":"default","ast-page-background-enabled":"default","ast-page-background-meta":{"desktop":{"background-color":"","background-image":"","background-repeat":"repeat","background-position":"center center","background-size":"auto","background-attachment":"scroll","background-type":"","background-media":"","overlay-type":"","overlay-color":"","overlay-opacity":"","overlay-gradient":""},"tablet":{"background-color":"","background-image":"","background-repeat":"repeat","background-position":"center center","background-size":"auto","background-attachment":"scroll","background-type":"","background-media":"","overlay-type":"","overlay-color":"","overlay-opacity":"","overlay-gradient":""},"mobile":{"background-color":"","background-image":"","background-repeat":"repeat","background-position":"center center","background-size":"auto","background-attachment":"scroll","background-type":"","background-media":"","overlay-type":"","overlay-color":"","overlay-opacity":"","overlay-gradient":""}},"ast-content-background-meta":{"desktop":{"background-color":"var(--ast-global-color-5)","background-image":"","background-repeat":"repeat","background-position":"center center","background-size":"auto","background-attachment":"scroll","background-type":"","background-media":"","overlay-type":"","overlay-color":"","overlay-opacity":"","overlay-gradient":""},"tablet":{"background-color":"var(--ast-global-color-5)","background-image":"","background-repeat":"repeat","background-position":"center center","background-size":"auto","background-attachment":"scroll","background-type":"","background-media":"","overlay-type":"","overlay-color":"","overlay-opacity":"","overlay-gradient":""},"mobile":{"background-color":"var(--ast-global-color-5)","background-image":"","background-repeat":"repeat","background-position":"center center","background-size":"auto","background-attachment":"scroll","background-type":"","background-media":"","overlay-type":"","overlay-color":"","overlay-opacity":"","overlay-gradient":""}},"footnotes":""},"class_list":["post-322","page","type-page","status-publish","hentry"],"yoast_head":"<!-- This site is optimized with the Yoast SEO plugin v27.4 - https:\/\/yoast.com\/product\/yoast-seo-wordpress\/ -->\n<title>Walderzeugnisse - Timtrade<\/title>\n<meta name=\"robots\" content=\"index, follow, max-snippet:-1, max-image-preview:large, max-video-preview:-1\" \/>\n<link rel=\"canonical\" href=\"https:\/\/www.timtrade.it\/de\/\" \/>\n<meta property=\"og:locale\" content=\"de_DE\" \/>\n<meta property=\"og:type\" content=\"article\" \/>\n<meta property=\"og:title\" content=\"Walderzeugnisse - Timtrade\" \/>\n<meta property=\"og:description\" content=\"[vc_row full_width=&#8220;stretch_row&#8220; full_height=&#8220;yes&#8220; content_placement=&#8220;middle&#8220; css=&#8220;.vc_custom_1530022040965{background-image: url(https:\/\/www.timtrade.it\/wp-content\/uploads\/2018\/06\/slide3-home-timtrade-bef.jpg?id=273) !important;background-position: center !important;background-repeat: no-repeat !important;background-size: cover !important;}&#8220;][vc_column][vc_empty_space][vc_column_text css_animation=&#8220;fadeInUp&#8220;] Walderzeugnisse von den besten Herstellern zu den besten Kunden [\/vc_column_text][vc_empty_space height=&#8220;16px&#8220;][vc_column_text css_animation=&#8220;fadeInDown&#8220;] Entdecken Sie mehr [\/vc_column_text][vc_icon icon_fontawesome=&#8220;fa fa-angle-double-down&#8220; color=&#8220;custom&#8220; size=&#8220;xl&#8220; align=&#8220;center&#8220; css_animation=&#8220;fadeInUp&#8220; custom_color=&#8220;#ffdd00&#8243; link=&#8220;url:%23map|||&#8220;][\/vc_column][\/vc_row][vc_row full_width=&#8220;stretch_row&#8220; el_class=&#8220;sfondo-alt&#8220;][vc_column][vc_row_inner][vc_column_inner width=&#8220;1\/3&#8243;][vc_empty_space][vc_icon icon_fontawesome=&#8220;fa fa-phone&#8220; color=&#8220;custom&#8220; background_style=&#8220;rounded&#8220; background_color=&#8220;custom&#8220; size=&#8220;lg&#8220; align=&#8220;center&#8220; custom_color=&#8220;#000000&#8243; custom_background_color=&#8220;#ffdd00&#8243;][vc_column_text] Effizienz Wir sind in der [&hellip;]\" \/>\n<meta property=\"og:url\" content=\"https:\/\/www.timtrade.it\/de\/\" \/>\n<meta property=\"og:site_name\" content=\"Timtrade\" \/>\n<meta property=\"article:modified_time\" content=\"2019-01-18T09:07:57+00:00\" \/>\n<meta name=\"twitter:card\" content=\"summary_large_image\" \/>\n<meta name=\"twitter:label1\" content=\"Gesch\u00e4tzte Lesezeit\" \/>\n\t<meta name=\"twitter:data1\" content=\"5\u00a0Minuten\" \/>\n<script type=\"application\/ld+json\" class=\"yoast-schema-graph\">{\"@context\":\"https:\\\/\\\/schema.org\",\"@graph\":[{\"@type\":\"WebPage\",\"@id\":\"https:\\\/\\\/www.timtrade.it\\\/de\\\/\",\"url\":\"https:\\\/\\\/www.timtrade.it\\\/de\\\/\",\"name\":\"Walderzeugnisse - Timtrade\",\"isPartOf\":{\"@id\":\"https:\\\/\\\/www.timtrade.it\\\/de\\\/#website\"},\"datePublished\":\"2018-06-27T14:37:29+00:00\",\"dateModified\":\"2019-01-18T09:07:57+00:00\",\"breadcrumb\":{\"@id\":\"https:\\\/\\\/www.timtrade.it\\\/de\\\/#breadcrumb\"},\"inLanguage\":\"de\",\"potentialAction\":[{\"@type\":\"ReadAction\",\"target\":[\"https:\\\/\\\/www.timtrade.it\\\/de\\\/\"]}]},{\"@type\":\"BreadcrumbList\",\"@id\":\"https:\\\/\\\/www.timtrade.it\\\/de\\\/#breadcrumb\",\"itemListElement\":[{\"@type\":\"ListItem\",\"position\":1,\"name\":\"Home\",\"item\":\"https:\\\/\\\/www.timtrade.it\\\/de\\\/\"},{\"@type\":\"ListItem\",\"position\":2,\"name\":\"Walderzeugnisse\"}]},{\"@type\":\"WebSite\",\"@id\":\"https:\\\/\\\/www.timtrade.it\\\/de\\\/#website\",\"url\":\"https:\\\/\\\/www.timtrade.it\\\/de\\\/\",\"name\":\"Timtrade\",\"description\":\"Walderzeugnisse von den besten Herstellern zu den besten Kunden\",\"publisher\":{\"@id\":\"https:\\\/\\\/www.timtrade.it\\\/de\\\/#organization\"},\"potentialAction\":[{\"@type\":\"SearchAction\",\"target\":{\"@type\":\"EntryPoint\",\"urlTemplate\":\"https:\\\/\\\/www.timtrade.it\\\/de\\\/?s={search_term_string}\"},\"query-input\":{\"@type\":\"PropertyValueSpecification\",\"valueRequired\":true,\"valueName\":\"search_term_string\"}}],\"inLanguage\":\"de\"},{\"@type\":\"Organization\",\"@id\":\"https:\\\/\\\/www.timtrade.it\\\/de\\\/#organization\",\"name\":\"TimTrade\",\"url\":\"https:\\\/\\\/www.timtrade.it\\\/de\\\/\",\"logo\":{\"@type\":\"ImageObject\",\"inLanguage\":\"de\",\"@id\":\"https:\\\/\\\/www.timtrade.it\\\/de\\\/#\\\/schema\\\/logo\\\/image\\\/\",\"url\":\"https:\\\/\\\/www.timtrade.it\\\/wp-content\\\/uploads\\\/2018\\\/01\\\/logo-timtrade-temp.png\",\"contentUrl\":\"https:\\\/\\\/www.timtrade.it\\\/wp-content\\\/uploads\\\/2018\\\/01\\\/logo-timtrade-temp.png\",\"width\":170,\"height\":107,\"caption\":\"TimTrade\"},\"image\":{\"@id\":\"https:\\\/\\\/www.timtrade.it\\\/de\\\/#\\\/schema\\\/logo\\\/image\\\/\"}}]}<\/script>\n<!-- \/ Yoast SEO plugin. -->","yoast_head_json":{"title":"Walderzeugnisse - Timtrade","robots":{"index":"index","follow":"follow","max-snippet":"max-snippet:-1","max-image-preview":"max-image-preview:large","max-video-preview":"max-video-preview:-1"},"canonical":"https:\/\/www.timtrade.it\/de\/","og_locale":"de_DE","og_type":"article","og_title":"Walderzeugnisse - Timtrade","og_description":"[vc_row full_width=&#8220;stretch_row&#8220; full_height=&#8220;yes&#8220; content_placement=&#8220;middle&#8220; css=&#8220;.vc_custom_1530022040965{background-image: url(https:\/\/www.timtrade.it\/wp-content\/uploads\/2018\/06\/slide3-home-timtrade-bef.jpg?id=273) !important;background-position: center !important;background-repeat: no-repeat !important;background-size: cover !important;}&#8220;][vc_column][vc_empty_space][vc_column_text css_animation=&#8220;fadeInUp&#8220;] Walderzeugnisse von den besten Herstellern zu den besten Kunden [\/vc_column_text][vc_empty_space height=&#8220;16px&#8220;][vc_column_text css_animation=&#8220;fadeInDown&#8220;] Entdecken Sie mehr [\/vc_column_text][vc_icon icon_fontawesome=&#8220;fa fa-angle-double-down&#8220; color=&#8220;custom&#8220; size=&#8220;xl&#8220; align=&#8220;center&#8220; css_animation=&#8220;fadeInUp&#8220; custom_color=&#8220;#ffdd00&#8243; link=&#8220;url:%23map|||&#8220;][\/vc_column][\/vc_row][vc_row full_width=&#8220;stretch_row&#8220; el_class=&#8220;sfondo-alt&#8220;][vc_column][vc_row_inner][vc_column_inner width=&#8220;1\/3&#8243;][vc_empty_space][vc_icon icon_fontawesome=&#8220;fa fa-phone&#8220; color=&#8220;custom&#8220; background_style=&#8220;rounded&#8220; background_color=&#8220;custom&#8220; size=&#8220;lg&#8220; align=&#8220;center&#8220; custom_color=&#8220;#000000&#8243; custom_background_color=&#8220;#ffdd00&#8243;][vc_column_text] Effizienz Wir sind in der [&hellip;]","og_url":"https:\/\/www.timtrade.it\/de\/","og_site_name":"Timtrade","article_modified_time":"2019-01-18T09:07:57+00:00","twitter_card":"summary_large_image","twitter_misc":{"Gesch\u00e4tzte Lesezeit":"5\u00a0Minuten"},"schema":{"@context":"https:\/\/schema.org","@graph":[{"@type":"WebPage","@id":"https:\/\/www.timtrade.it\/de\/","url":"https:\/\/www.timtrade.it\/de\/","name":"Walderzeugnisse - Timtrade","isPartOf":{"@id":"https:\/\/www.timtrade.it\/de\/#website"},"datePublished":"2018-06-27T14:37:29+00:00","dateModified":"2019-01-18T09:07:57+00:00","breadcrumb":{"@id":"https:\/\/www.timtrade.it\/de\/#breadcrumb"},"inLanguage":"de","potentialAction":[{"@type":"ReadAction","target":["https:\/\/www.timtrade.it\/de\/"]}]},{"@type":"BreadcrumbList","@id":"https:\/\/www.timtrade.it\/de\/#breadcrumb","itemListElement":[{"@type":"ListItem","position":1,"name":"Home","item":"https:\/\/www.timtrade.it\/de\/"},{"@type":"ListItem","position":2,"name":"Walderzeugnisse"}]},{"@type":"WebSite","@id":"https:\/\/www.timtrade.it\/de\/#website","url":"https:\/\/www.timtrade.it\/de\/","name":"Timtrade","description":"Walderzeugnisse von den besten Herstellern zu den besten Kunden","publisher":{"@id":"https:\/\/www.timtrade.it\/de\/#organization"},"potentialAction":[{"@type":"SearchAction","target":{"@type":"EntryPoint","urlTemplate":"https:\/\/www.timtrade.it\/de\/?s={search_term_string}"},"query-input":{"@type":"PropertyValueSpecification","valueRequired":true,"valueName":"search_term_string"}}],"inLanguage":"de"},{"@type":"Organization","@id":"https:\/\/www.timtrade.it\/de\/#organization","name":"TimTrade","url":"https:\/\/www.timtrade.it\/de\/","logo":{"@type":"ImageObject","inLanguage":"de","@id":"https:\/\/www.timtrade.it\/de\/#\/schema\/logo\/image\/","url":"https:\/\/www.timtrade.it\/wp-content\/uploads\/2018\/01\/logo-timtrade-temp.png","contentUrl":"https:\/\/www.timtrade.it\/wp-content\/uploads\/2018\/01\/logo-timtrade-temp.png","width":170,"height":107,"caption":"TimTrade"},"image":{"@id":"https:\/\/www.timtrade.it\/de\/#\/schema\/logo\/image\/"}}]}},"_links":{"self":[{"href":"https:\/\/www.timtrade.it\/de\/wp-json\/wp\/v2\/pages\/322","targetHints":{"allow":["GET"]}}],"collection":[{"href":"https:\/\/www.timtrade.it\/de\/wp-json\/wp\/v2\/pages"}],"about":[{"href":"https:\/\/www.timtrade.it\/de\/wp-json\/wp\/v2\/types\/page"}],"author":[{"embeddable":true,"href":"https:\/\/www.timtrade.it\/de\/wp-json\/wp\/v2\/users\/1"}],"replies":[{"embeddable":true,"href":"https:\/\/www.timtrade.it\/de\/wp-json\/wp\/v2\/comments?post=322"}],"version-history":[{"count":0,"href":"https:\/\/www.timtrade.it\/de\/wp-json\/wp\/v2\/pages\/322\/revisions"}],"wp:attachment":[{"href":"https:\/\/www.timtrade.it\/de\/wp-json\/wp\/v2\/media?parent=322"}],"curies":[{"name":"wp","href":"https:\/\/api.w.org\/{rel}","templated":true}]}}