{"id":383,"date":"2018-06-27T15:30:34","date_gmt":"2018-06-27T15:30:34","guid":{"rendered":"https:\/\/www.timtrade.it\/home\/"},"modified":"2019-01-18T09:08:34","modified_gmt":"2019-01-18T09:08:34","slug":"home","status":"publish","type":"page","link":"https:\/\/www.timtrade.it\/es\/","title":{"rendered":"Productos Forestales"},"content":{"rendered":"<div class=\"wpb-content-wrapper\"><p>[vc_row full_width=\u00bbstretch_row\u00bb full_height=\u00bbyes\u00bb content_placement=\u00bbmiddle\u00bb css=\u00bb.vc_custom_1530022040965{background-image: url(https:\/\/www.timtrade.it\/wp-content\/uploads\/2018\/06\/slide3-home-timtrade-bef.jpg?id=273) !important;background-position: center !important;background-repeat: no-repeat !important;background-size: cover !important;}\u00bb][vc_column][vc_empty_space][vc_column_text css_animation=\u00bbfadeInUp\u00bb]<\/p>\n<h1 class=\"titolo-home\" style=\"text-align: center;\">Productos Forestales<\/h1>\n<h2 class=\"sottotitolo-home\" style=\"text-align: center;\">de los mejores productores<br \/>\na los mejores clientes<\/h2>\n<p>[\/vc_column_text][vc_empty_space height=\u00bb16px\u00bb][vc_column_text css_animation=\u00bbfadeInDown\u00bb]<\/p>\n<p style=\"text-align: center;\"><a href=\"#more\"><button>M\u00e1s informaci\u00f3n<\/button><\/a><\/p>\n<p>[\/vc_column_text][vc_icon icon_fontawesome=\u00bbfa fa-angle-double-down\u00bb color=\u00bbcustom\u00bb size=\u00bbxl\u00bb align=\u00bbcenter\u00bb css_animation=\u00bbfadeInUp\u00bb custom_color=\u00bb#ffdd00&#8243; link=\u00bburl:%23map|||\u00bb][\/vc_column][\/vc_row][vc_row full_width=\u00bbstretch_row\u00bb el_class=\u00bbsfondo-alt\u00bb][vc_column][vc_row_inner][vc_column_inner width=\u00bb1\/3&#8243;][vc_empty_space][vc_icon icon_fontawesome=\u00bbfa fa-phone\u00bb color=\u00bbcustom\u00bb background_style=\u00bbrounded\u00bb background_color=\u00bbcustom\u00bb size=\u00bblg\u00bb align=\u00bbcenter\u00bb custom_color=\u00bb#000000&#8243; custom_background_color=\u00bb#ffdd00&#8243;][vc_column_text]<\/p>\n<h3 style=\"text-align: center;\">Eficiencia<\/h3>\n<p style=\"text-align: justify;\">Somos capaces de seguir diariamente nuestros clientes con cada pedido, <strong>dando respuestas en tiempo real<\/strong> tanto si son de material procedente de Europa como de Estados Unidos o Africa.<\/p>\n<p>[\/vc_column_text][\/vc_column_inner][vc_column_inner width=\u00bb1\/3&#8243;][vc_empty_space][vc_icon icon_fontawesome=\u00bbfa fa-ship\u00bb color=\u00bbcustom\u00bb background_style=\u00bbrounded\u00bb background_color=\u00bbcustom\u00bb size=\u00bblg\u00bb align=\u00bbcenter\u00bb custom_color=\u00bb#000000&#8243; custom_background_color=\u00bb#ffdd00&#8243;][vc_column_text]<\/p>\n<h3 style=\"text-align: center;\">Flexibilidad<\/h3>\n<p style=\"text-align: justify;\">Desde el punto de vista log\u00edstico, gracias al apoyo de las mejores compa\u00f1\u00edas mar\u00edtimas, conseguimos crear <strong>soluciones personalizadas<\/strong> en cada pa\u00edas del mundo con transportes combinados entre via mar\u00edtima, v\u00eda ferrocaril y cami\u00f3n para entregas directamente en los almacenes de nuestros clientes. <\/p>\n<p>[\/vc_column_text][\/vc_column_inner][vc_column_inner width=\u00bb1\/3&#8243;][vc_empty_space][vc_icon icon_fontawesome=\u00bbfa fa-line-chart\u00bb color=\u00bbcustom\u00bb background_style=\u00bbrounded\u00bb background_color=\u00bbcustom\u00bb size=\u00bblg\u00bb align=\u00bbcenter\u00bb custom_color=\u00bb#000000&#8243; custom_background_color=\u00bb#ffdd00&#8243;][vc_column_text]<\/p>\n<h3 style=\"text-align: center;\">Profesionalidad<\/h3>\n<p style=\"text-align: justify;\">Gracias a <strong>a\u00f1os de experiencia, dedicaci\u00f3n y especializaci\u00f3n<\/strong>, tenemos un grupo preparado capaz de poder aconsejar a cada cliente los mejores productos y soluciones que mejor se adapten a sus necesidades.<\/p>\n<p>[\/vc_column_text][\/vc_column_inner][\/vc_row_inner][vc_empty_space][\/vc_column][\/vc_row][vc_row full_width=\u00bbstretch_row\u00bb css=\u00bb.vc_custom_1528359308359{background-color: #ffdd00 !important;}\u00bb el_id=\u00bbmap\u00bb][vc_column width=\u00bb1\/3&#8243;][vc_column_text css_animation=\u00bbfadeInRight\u00bb el_class=\u00bbcontatori-home\u00bb]<\/p>\n<h1 style=\"text-align: center;\">1<\/h1>\n<p style=\"text-align: center;\">equipo<\/p>\n<p>[\/vc_column_text][\/vc_column][vc_column width=\u00bb1\/3&#8243;][vc_column_text css_animation=\u00bbfadeInRight\u00bb el_class=\u00bbcontatori-home\u00bb]<\/p>\n<h1 style=\"text-align: center;\">47<\/h1>\n<p style=\"text-align: center;\">producciones en el mundo<\/p>\n<p>[\/vc_column_text][\/vc_column][vc_column width=\u00bb1\/3&#8243;][vc_column_text css_animation=\u00bbfadeInRight\u00bb el_class=\u00bbcontatori-home\u00bb]<\/p>\n<h1 style=\"text-align: center;\">295<\/h1>\n<p style=\"text-align: center;\">clientes en 42 pa\u00edses<\/p>\n<p>[\/vc_column_text][\/vc_column][\/vc_row][vc_row full_width=\u00bbstretch_row\u00bb][vc_column][vc_empty_space][vc_column_text css_animation=\u00bbfadeInUp\u00bb]<div id=\"unique_iwm_0\"><div class='iwm_map_canvas'><div id='map_canvas_1' data-map-id='1'  class='i_world_map ' class='iwm_map_canvas'><div class='iwm_placeholder'><img width='32px' alt='Mondo Home Placeholder' title='Mondo Home' src='https:\/\/www.timtrade.it\/wp-content\/plugins\/interactive-world-maps\/imgs\/placeholder.png'><br>Mondo Home<\/div><\/div><\/div><\/div>[\/vc_column_text][vc_empty_space][\/vc_column][\/vc_row][vc_row full_width=\u00bbstretch_row\u00bb equal_height=\u00bbyes\u00bb content_placement=\u00bbmiddle\u00bb el_id=\u00bbmore\u00bb el_class=\u00bbsfondo-alt\u00bb][vc_column][vc_empty_space height=\u00bb48px\u00bb][vc_row_inner equal_height=\u00bbyes\u00bb content_placement=\u00bbmiddle\u00bb][vc_column_inner width=\u00bb1\/2&#8243;][vc_column_text]<\/p>\n<h2 class=\"pedice\">De los mejores productores&#8230;<\/h2>\n<p>Gracias a la profesionalidad de nuestro equipo, somos capaces de poder seguir desde la foresta hasta nuestros clientes, productos forestales procedentes de Estados Unidos, Africa, Austria y Ruman\u00eda de las mejores producciones con una seleccionada clientela a lo largo de los a\u00f1os en 42 pa\u00edses en el mundo.<\/p>\n<p>Las habilidades, la seriedad, la determinaci\u00f3n y el trabajo realizado diariamente de nuestro equipo hace que Timtrade sea el partner comercial que a trav\u00e9s de una red bien organizada en 4 continentes le permita tener conocimiento del mercado y un di\u00e1logo directo desde la producci\u00f3n a los clientes, permiti\u00e9ndole de esta manera interpretar las necesidades y anticiparse a la evoluci\u00f3n continua de las tendencias del mercado.[\/vc_column_text][vc_column_text]<\/p>\n<p style=\"text-align: center;\"><a href=\"https:\/\/www.timtrade.it\/es\/productos\/\"><button>Productos <i class=\"fa fa-angle-double-right \" ><\/i><\/button><\/a><\/p>\n<p>[\/vc_column_text][\/vc_column_inner][vc_column_inner width=\u00bb1\/2&#8243;][vc_images_carousel images=\u00bb732,737,742&#8243; img_size=\u00bbfull\u00bb speed=\u00bb2000&#8243; autoplay=\u00bbyes\u00bb hide_pagination_control=\u00bbyes\u00bb wrap=\u00bbyes\u00bb el_class=\u00bbombra-immagine-dx\u00bb][\/vc_column_inner][\/vc_row_inner][vc_empty_space height=\u00bb48px\u00bb][\/vc_column][\/vc_row][vc_row full_width=\u00bbstretch_row\u00bb equal_height=\u00bbyes\u00bb content_placement=\u00bbmiddle\u00bb][vc_column][vc_empty_space height=\u00bb48px\u00bb][vc_row_inner equal_height=\u00bbyes\u00bb content_placement=\u00bbmiddle\u00bb][vc_column_inner width=\u00bb1\/2&#8243;][vc_single_image image=\u00bb747&#8243; img_size=\u00bbfull\u00bb alignment=\u00bbcenter\u00bb el_class=\u00bbombra-immagine-sx\u00bb][\/vc_column_inner][vc_column_inner width=\u00bb1\/2&#8243;][vc_column_text]<\/p>\n<h2 class=\"pedice\">&#8230;a los mejores clientes<\/h2>\n<p>A trav\u00e9s de nuestra especializaci\u00f3n en log\u00edstica ( colaboramos directamente con las principales compa\u00f1\u00edas mar\u00edtimas Maersk \/ CMA CGM \/ MSC , etc ) podemos acercar los mejores productores a la mejor clientela seleccionada en las \u00e1reas d\u00f3nde trabajamos.<\/p>\n<p>Estamos presentes en pa\u00edses desde Am\u00e9rica Latina hasta el Sudeste Asi\u00e1tico, pasando por Oriente Medio con personal que puede ayudar a cada cliente comunic\u00e1ndose en el mismo idioma y sobretodo, comprendiendo bien las necesidades, las costumbres comerciales y la cultura.[\/vc_column_text][\/vc_column_inner][\/vc_row_inner][vc_empty_space height=\u00bb64px\u00bb][\/vc_column][\/vc_row][vc_row full_width=\u00bbstretch_row\u00bb css=\u00bb.vc_custom_1528374392087{background-image: url(https:\/\/www.timtrade.it\/wp-content\/uploads\/2018\/06\/immagine-test-op50black.jpg?id=84) !important;}\u00bb][vc_column][vc_row_inner][vc_column_inner width=\u00bb3\/4&#8243;][vc_column_text]<\/p>\n<h2 class=\"banner\">Necesita m\u00e1s informaci\u00f3n?<\/h2>\n<p>[\/vc_column_text][\/vc_column_inner][vc_column_inner width=\u00bb1\/4&#8243;][vc_column_text]<\/p>\n<p style=\"text-align: center;\"><a href=\"https:\/\/www.timtrade.it\/es\/contacto\/\"><button>Cont\u00e1ctenos <i class=\"fa fa-angle-double-right \" ><\/i><\/button><\/a><\/p>\n<p>[\/vc_column_text][\/vc_column_inner][\/vc_row_inner][\/vc_column][\/vc_row]<\/p>\n<\/div>","protected":false},"excerpt":{"rendered":"<p>[vc_row full_width=\u00bbstretch_row\u00bb full_height=\u00bbyes\u00bb content_placement=\u00bbmiddle\u00bb css=\u00bb.vc_custom_1530022040965{background-image: url(https:\/\/www.timtrade.it\/wp-content\/uploads\/2018\/06\/slide3-home-timtrade-bef.jpg?id=273) !important;background-position: center !important;background-repeat: no-repeat !important;background-size: cover !important;}\u00bb][vc_column][vc_empty_space][vc_column_text css_animation=\u00bbfadeInUp\u00bb] Productos Forestales de los mejores productores a los mejores clientes [\/vc_column_text][vc_empty_space height=\u00bb16px\u00bb][vc_column_text css_animation=\u00bbfadeInDown\u00bb] M\u00e1s informaci\u00f3n [\/vc_column_text][vc_icon icon_fontawesome=\u00bbfa fa-angle-double-down\u00bb color=\u00bbcustom\u00bb size=\u00bbxl\u00bb align=\u00bbcenter\u00bb css_animation=\u00bbfadeInUp\u00bb custom_color=\u00bb#ffdd00&#8243; link=\u00bburl:%23map|||\u00bb][\/vc_column][\/vc_row][vc_row full_width=\u00bbstretch_row\u00bb el_class=\u00bbsfondo-alt\u00bb][vc_column][vc_row_inner][vc_column_inner width=\u00bb1\/3&#8243;][vc_empty_space][vc_icon icon_fontawesome=\u00bbfa fa-phone\u00bb color=\u00bbcustom\u00bb background_style=\u00bbrounded\u00bb background_color=\u00bbcustom\u00bb size=\u00bblg\u00bb align=\u00bbcenter\u00bb custom_color=\u00bb#000000&#8243; custom_background_color=\u00bb#ffdd00&#8243;][vc_column_text] Eficiencia Somos capaces de seguir [&hellip;]<\/p>\n","protected":false},"author":1,"featured_media":0,"parent":0,"menu_order":0,"comment_status":"closed","ping_status":"open","template":"","meta":{"site-sidebar-layout":"no-sidebar","site-content-layout":"plain-container","ast-site-content-layout":"default","site-content-style":"default","site-sidebar-style":"default","ast-global-header-display":"","ast-banner-title-visibility":"","ast-main-header-display":"","ast-hfb-above-header-display":"","ast-hfb-below-header-display":"","ast-hfb-mobile-header-display":"","site-post-title":"disabled","ast-breadcrumbs-content":"","ast-featured-img":"disabled","footer-sml-layout":"","ast-disable-related-posts":"","theme-transparent-header-meta":"default","adv-header-id-meta":"","stick-header-meta":"","header-above-stick-meta":"","header-main-stick-meta":"","header-below-stick-meta":"","astra-migrate-meta-layouts":"default","ast-page-background-enabled":"default","ast-page-background-meta":{"desktop":{"background-color":"","background-image":"","background-repeat":"repeat","background-position":"center center","background-size":"auto","background-attachment":"scroll","background-type":"","background-media":"","overlay-type":"","overlay-color":"","overlay-opacity":"","overlay-gradient":""},"tablet":{"background-color":"","background-image":"","background-repeat":"repeat","background-position":"center center","background-size":"auto","background-attachment":"scroll","background-type":"","background-media":"","overlay-type":"","overlay-color":"","overlay-opacity":"","overlay-gradient":""},"mobile":{"background-color":"","background-image":"","background-repeat":"repeat","background-position":"center center","background-size":"auto","background-attachment":"scroll","background-type":"","background-media":"","overlay-type":"","overlay-color":"","overlay-opacity":"","overlay-gradient":""}},"ast-content-background-meta":{"desktop":{"background-color":"var(--ast-global-color-5)","background-image":"","background-repeat":"repeat","background-position":"center center","background-size":"auto","background-attachment":"scroll","background-type":"","background-media":"","overlay-type":"","overlay-color":"","overlay-opacity":"","overlay-gradient":""},"tablet":{"background-color":"var(--ast-global-color-5)","background-image":"","background-repeat":"repeat","background-position":"center center","background-size":"auto","background-attachment":"scroll","background-type":"","background-media":"","overlay-type":"","overlay-color":"","overlay-opacity":"","overlay-gradient":""},"mobile":{"background-color":"var(--ast-global-color-5)","background-image":"","background-repeat":"repeat","background-position":"center center","background-size":"auto","background-attachment":"scroll","background-type":"","background-media":"","overlay-type":"","overlay-color":"","overlay-opacity":"","overlay-gradient":""}},"footnotes":""},"class_list":["post-383","page","type-page","status-publish","hentry"],"yoast_head":"<!-- This site is optimized with the Yoast SEO plugin v27.4 - https:\/\/yoast.com\/product\/yoast-seo-wordpress\/ -->\n<title>Productos Forestales - Timtrade<\/title>\n<meta name=\"robots\" content=\"index, follow, max-snippet:-1, max-image-preview:large, max-video-preview:-1\" \/>\n<link rel=\"canonical\" href=\"https:\/\/www.timtrade.it\/es\/\" \/>\n<meta property=\"og:locale\" content=\"es_ES\" \/>\n<meta property=\"og:type\" content=\"article\" \/>\n<meta property=\"og:title\" content=\"Productos Forestales - Timtrade\" \/>\n<meta property=\"og:description\" content=\"[vc_row full_width=\u00bbstretch_row\u00bb full_height=\u00bbyes\u00bb content_placement=\u00bbmiddle\u00bb css=\u00bb.vc_custom_1530022040965{background-image: url(https:\/\/www.timtrade.it\/wp-content\/uploads\/2018\/06\/slide3-home-timtrade-bef.jpg?id=273) !important;background-position: center !important;background-repeat: no-repeat !important;background-size: cover !important;}\u00bb][vc_column][vc_empty_space][vc_column_text css_animation=\u00bbfadeInUp\u00bb] Productos Forestales de los mejores productores a los mejores clientes [\/vc_column_text][vc_empty_space height=\u00bb16px\u00bb][vc_column_text css_animation=\u00bbfadeInDown\u00bb] M\u00e1s informaci\u00f3n [\/vc_column_text][vc_icon icon_fontawesome=\u00bbfa fa-angle-double-down\u00bb color=\u00bbcustom\u00bb size=\u00bbxl\u00bb align=\u00bbcenter\u00bb css_animation=\u00bbfadeInUp\u00bb custom_color=\u00bb#ffdd00&#8243; link=\u00bburl:%23map|||\u00bb][\/vc_column][\/vc_row][vc_row full_width=\u00bbstretch_row\u00bb el_class=\u00bbsfondo-alt\u00bb][vc_column][vc_row_inner][vc_column_inner width=\u00bb1\/3&#8243;][vc_empty_space][vc_icon icon_fontawesome=\u00bbfa fa-phone\u00bb color=\u00bbcustom\u00bb background_style=\u00bbrounded\u00bb background_color=\u00bbcustom\u00bb size=\u00bblg\u00bb align=\u00bbcenter\u00bb custom_color=\u00bb#000000&#8243; custom_background_color=\u00bb#ffdd00&#8243;][vc_column_text] Eficiencia Somos capaces de seguir [&hellip;]\" \/>\n<meta property=\"og:url\" content=\"https:\/\/www.timtrade.it\/es\/\" \/>\n<meta property=\"og:site_name\" content=\"Timtrade\" \/>\n<meta property=\"article:modified_time\" content=\"2019-01-18T09:08:34+00:00\" \/>\n<meta name=\"twitter:card\" content=\"summary_large_image\" \/>\n<meta name=\"twitter:label1\" content=\"Tiempo de lectura\" \/>\n\t<meta name=\"twitter:data1\" content=\"5 minutos\" \/>\n<script type=\"application\/ld+json\" class=\"yoast-schema-graph\">{\"@context\":\"https:\\\/\\\/schema.org\",\"@graph\":[{\"@type\":\"WebPage\",\"@id\":\"https:\\\/\\\/www.timtrade.it\\\/es\\\/\",\"url\":\"https:\\\/\\\/www.timtrade.it\\\/es\\\/\",\"name\":\"Productos Forestales - Timtrade\",\"isPartOf\":{\"@id\":\"https:\\\/\\\/www.timtrade.it\\\/es\\\/#website\"},\"datePublished\":\"2018-06-27T15:30:34+00:00\",\"dateModified\":\"2019-01-18T09:08:34+00:00\",\"breadcrumb\":{\"@id\":\"https:\\\/\\\/www.timtrade.it\\\/es\\\/#breadcrumb\"},\"inLanguage\":\"es\",\"potentialAction\":[{\"@type\":\"ReadAction\",\"target\":[\"https:\\\/\\\/www.timtrade.it\\\/es\\\/\"]}]},{\"@type\":\"BreadcrumbList\",\"@id\":\"https:\\\/\\\/www.timtrade.it\\\/es\\\/#breadcrumb\",\"itemListElement\":[{\"@type\":\"ListItem\",\"position\":1,\"name\":\"Home\",\"item\":\"https:\\\/\\\/www.timtrade.it\\\/es\\\/\"},{\"@type\":\"ListItem\",\"position\":2,\"name\":\"Productos Forestales\"}]},{\"@type\":\"WebSite\",\"@id\":\"https:\\\/\\\/www.timtrade.it\\\/es\\\/#website\",\"url\":\"https:\\\/\\\/www.timtrade.it\\\/es\\\/\",\"name\":\"Timtrade\",\"description\":\"Productos Forestales de los mejores productores a los mejores clientes\",\"publisher\":{\"@id\":\"https:\\\/\\\/www.timtrade.it\\\/es\\\/#organization\"},\"potentialAction\":[{\"@type\":\"SearchAction\",\"target\":{\"@type\":\"EntryPoint\",\"urlTemplate\":\"https:\\\/\\\/www.timtrade.it\\\/es\\\/?s={search_term_string}\"},\"query-input\":{\"@type\":\"PropertyValueSpecification\",\"valueRequired\":true,\"valueName\":\"search_term_string\"}}],\"inLanguage\":\"es\"},{\"@type\":\"Organization\",\"@id\":\"https:\\\/\\\/www.timtrade.it\\\/es\\\/#organization\",\"name\":\"TimTrade\",\"url\":\"https:\\\/\\\/www.timtrade.it\\\/es\\\/\",\"logo\":{\"@type\":\"ImageObject\",\"inLanguage\":\"es\",\"@id\":\"https:\\\/\\\/www.timtrade.it\\\/es\\\/#\\\/schema\\\/logo\\\/image\\\/\",\"url\":\"https:\\\/\\\/www.timtrade.it\\\/wp-content\\\/uploads\\\/2018\\\/01\\\/logo-timtrade-temp.png\",\"contentUrl\":\"https:\\\/\\\/www.timtrade.it\\\/wp-content\\\/uploads\\\/2018\\\/01\\\/logo-timtrade-temp.png\",\"width\":170,\"height\":107,\"caption\":\"TimTrade\"},\"image\":{\"@id\":\"https:\\\/\\\/www.timtrade.it\\\/es\\\/#\\\/schema\\\/logo\\\/image\\\/\"}}]}<\/script>\n<!-- \/ Yoast SEO plugin. -->","yoast_head_json":{"title":"Productos Forestales - Timtrade","robots":{"index":"index","follow":"follow","max-snippet":"max-snippet:-1","max-image-preview":"max-image-preview:large","max-video-preview":"max-video-preview:-1"},"canonical":"https:\/\/www.timtrade.it\/es\/","og_locale":"es_ES","og_type":"article","og_title":"Productos Forestales - Timtrade","og_description":"[vc_row full_width=\u00bbstretch_row\u00bb full_height=\u00bbyes\u00bb content_placement=\u00bbmiddle\u00bb css=\u00bb.vc_custom_1530022040965{background-image: url(https:\/\/www.timtrade.it\/wp-content\/uploads\/2018\/06\/slide3-home-timtrade-bef.jpg?id=273) !important;background-position: center !important;background-repeat: no-repeat !important;background-size: cover !important;}\u00bb][vc_column][vc_empty_space][vc_column_text css_animation=\u00bbfadeInUp\u00bb] Productos Forestales de los mejores productores a los mejores clientes [\/vc_column_text][vc_empty_space height=\u00bb16px\u00bb][vc_column_text css_animation=\u00bbfadeInDown\u00bb] M\u00e1s informaci\u00f3n [\/vc_column_text][vc_icon icon_fontawesome=\u00bbfa fa-angle-double-down\u00bb color=\u00bbcustom\u00bb size=\u00bbxl\u00bb align=\u00bbcenter\u00bb css_animation=\u00bbfadeInUp\u00bb custom_color=\u00bb#ffdd00&#8243; link=\u00bburl:%23map|||\u00bb][\/vc_column][\/vc_row][vc_row full_width=\u00bbstretch_row\u00bb el_class=\u00bbsfondo-alt\u00bb][vc_column][vc_row_inner][vc_column_inner width=\u00bb1\/3&#8243;][vc_empty_space][vc_icon icon_fontawesome=\u00bbfa fa-phone\u00bb color=\u00bbcustom\u00bb background_style=\u00bbrounded\u00bb background_color=\u00bbcustom\u00bb size=\u00bblg\u00bb align=\u00bbcenter\u00bb custom_color=\u00bb#000000&#8243; custom_background_color=\u00bb#ffdd00&#8243;][vc_column_text] Eficiencia Somos capaces de seguir [&hellip;]","og_url":"https:\/\/www.timtrade.it\/es\/","og_site_name":"Timtrade","article_modified_time":"2019-01-18T09:08:34+00:00","twitter_card":"summary_large_image","twitter_misc":{"Tiempo de lectura":"5 minutos"},"schema":{"@context":"https:\/\/schema.org","@graph":[{"@type":"WebPage","@id":"https:\/\/www.timtrade.it\/es\/","url":"https:\/\/www.timtrade.it\/es\/","name":"Productos Forestales - Timtrade","isPartOf":{"@id":"https:\/\/www.timtrade.it\/es\/#website"},"datePublished":"2018-06-27T15:30:34+00:00","dateModified":"2019-01-18T09:08:34+00:00","breadcrumb":{"@id":"https:\/\/www.timtrade.it\/es\/#breadcrumb"},"inLanguage":"es","potentialAction":[{"@type":"ReadAction","target":["https:\/\/www.timtrade.it\/es\/"]}]},{"@type":"BreadcrumbList","@id":"https:\/\/www.timtrade.it\/es\/#breadcrumb","itemListElement":[{"@type":"ListItem","position":1,"name":"Home","item":"https:\/\/www.timtrade.it\/es\/"},{"@type":"ListItem","position":2,"name":"Productos Forestales"}]},{"@type":"WebSite","@id":"https:\/\/www.timtrade.it\/es\/#website","url":"https:\/\/www.timtrade.it\/es\/","name":"Timtrade","description":"Productos Forestales de los mejores productores a los mejores clientes","publisher":{"@id":"https:\/\/www.timtrade.it\/es\/#organization"},"potentialAction":[{"@type":"SearchAction","target":{"@type":"EntryPoint","urlTemplate":"https:\/\/www.timtrade.it\/es\/?s={search_term_string}"},"query-input":{"@type":"PropertyValueSpecification","valueRequired":true,"valueName":"search_term_string"}}],"inLanguage":"es"},{"@type":"Organization","@id":"https:\/\/www.timtrade.it\/es\/#organization","name":"TimTrade","url":"https:\/\/www.timtrade.it\/es\/","logo":{"@type":"ImageObject","inLanguage":"es","@id":"https:\/\/www.timtrade.it\/es\/#\/schema\/logo\/image\/","url":"https:\/\/www.timtrade.it\/wp-content\/uploads\/2018\/01\/logo-timtrade-temp.png","contentUrl":"https:\/\/www.timtrade.it\/wp-content\/uploads\/2018\/01\/logo-timtrade-temp.png","width":170,"height":107,"caption":"TimTrade"},"image":{"@id":"https:\/\/www.timtrade.it\/es\/#\/schema\/logo\/image\/"}}]}},"_links":{"self":[{"href":"https:\/\/www.timtrade.it\/es\/wp-json\/wp\/v2\/pages\/383","targetHints":{"allow":["GET"]}}],"collection":[{"href":"https:\/\/www.timtrade.it\/es\/wp-json\/wp\/v2\/pages"}],"about":[{"href":"https:\/\/www.timtrade.it\/es\/wp-json\/wp\/v2\/types\/page"}],"author":[{"embeddable":true,"href":"https:\/\/www.timtrade.it\/es\/wp-json\/wp\/v2\/users\/1"}],"replies":[{"embeddable":true,"href":"https:\/\/www.timtrade.it\/es\/wp-json\/wp\/v2\/comments?post=383"}],"version-history":[{"count":0,"href":"https:\/\/www.timtrade.it\/es\/wp-json\/wp\/v2\/pages\/383\/revisions"}],"wp:attachment":[{"href":"https:\/\/www.timtrade.it\/es\/wp-json\/wp\/v2\/media?parent=383"}],"curies":[{"name":"wp","href":"https:\/\/api.w.org\/{rel}","templated":true}]}}